{"id":538,"date":"2025-01-02T20:05:34","date_gmt":"2025-01-02T20:05:34","guid":{"rendered":"https:\/\/massage-wien13.at\/?page_id=538"},"modified":"2026-02-22T20:39:37","modified_gmt":"2026-02-22T20:39:37","slug":"elementor-538","status":"publish","type":"page","link":"https:\/\/massage-wien13.at\/index.php\/elementor-538\/","title":{"rendered":"Impressum"},"content":{"rendered":"\t\t<div data-elementor-type=\"wp-page\" data-elementor-id=\"538\" class=\"elementor elementor-538\" data-elementor-post-type=\"page\">\n\t\t\t\t\t\t<section class=\"elementor-section elementor-top-section elementor-element elementor-element-bc1cb82 elementor-section-height-min-height elementor-section-boxed elementor-section-height-default elementor-section-items-middle\" data-id=\"bc1cb82\" data-element_type=\"section\" data-e-type=\"section\" data-settings=\"{&quot;background_background&quot;:&quot;classic&quot;}\">\n\t\t\t\t\t\t<div class=\"elementor-container elementor-column-gap-default\">\n\t\t\t\t\t<div class=\"elementor-column elementor-col-50 elementor-top-column elementor-element elementor-element-2b4eb5e\" data-id=\"2b4eb5e\" data-element_type=\"column\" data-e-type=\"column\">\n\t\t\t<div class=\"elementor-widget-wrap elementor-element-populated\">\n\t\t\t\t\t\t<div class=\"elementor-element elementor-element-f9652ad elementor-widget__width-initial elementor-widget-mobile__width-initial elementor-widget elementor-widget-image\" data-id=\"f9652ad\" data-element_type=\"widget\" data-e-type=\"widget\" data-widget_type=\"image.default\">\n\t\t\t\t<div class=\"elementor-widget-container\">\n\t\t\t\t\t\t\t\t\t\t\t\t\t\t\t<img fetchpriority=\"high\" decoding=\"async\" width=\"768\" height=\"307\" src=\"https:\/\/massage-wien13.at\/wp-content\/uploads\/2024\/12\/Logo-Massage-Fuhrmann-768x307.webp\" class=\"attachment-medium_large size-medium_large wp-image-174\" alt=\"\" srcset=\"https:\/\/massage-wien13.at\/wp-content\/uploads\/2024\/12\/Logo-Massage-Fuhrmann-768x307.webp 768w, https:\/\/massage-wien13.at\/wp-content\/uploads\/2024\/12\/Logo-Massage-Fuhrmann-300x120.webp 300w, https:\/\/massage-wien13.at\/wp-content\/uploads\/2024\/12\/Logo-Massage-Fuhrmann-1024x410.webp 1024w, https:\/\/massage-wien13.at\/wp-content\/uploads\/2024\/12\/Logo-Massage-Fuhrmann.webp 1250w\" sizes=\"(max-width: 768px) 100vw, 768px\" \/>\t\t\t\t\t\t\t\t\t\t\t\t\t\t\t<\/div>\n\t\t\t\t<\/div>\n\t\t\t\t\t<\/div>\n\t\t<\/div>\n\t\t\t\t<div class=\"elementor-column elementor-col-50 elementor-top-column elementor-element elementor-element-6b888f7\" data-id=\"6b888f7\" data-element_type=\"column\" data-e-type=\"column\">\n\t\t\t<div class=\"elementor-widget-wrap elementor-element-populated\">\n\t\t\t\t\t\t<div class=\"elementor-element elementor-element-8f8e583 elementor-nav-menu__align-start elementor-nav-menu--dropdown-mobile elementor-nav-menu--stretch elementor-nav-menu__text-align-aside elementor-nav-menu--toggle elementor-nav-menu--burger elementor-widget elementor-widget-nav-menu\" data-id=\"8f8e583\" data-element_type=\"widget\" data-e-type=\"widget\" data-settings=\"{&quot;full_width&quot;:&quot;stretch&quot;,&quot;layout&quot;:&quot;horizontal&quot;,&quot;submenu_icon&quot;:{&quot;value&quot;:&quot;&lt;svg aria-hidden=\\&quot;true\\&quot; class=\\&quot;e-font-icon-svg e-fas-caret-down\\&quot; viewBox=\\&quot;0 0 320 512\\&quot; xmlns=\\&quot;http:\\\/\\\/www.w3.org\\\/2000\\\/svg\\&quot;&gt;&lt;path d=\\&quot;M31.3 192h257.3c17.8 0 26.7 21.5 14.1 34.1L174.1 354.8c-7.8 7.8-20.5 7.8-28.3 0L17.2 226.1C4.6 213.5 13.5 192 31.3 192z\\&quot;&gt;&lt;\\\/path&gt;&lt;\\\/svg&gt;&quot;,&quot;library&quot;:&quot;fa-solid&quot;},&quot;toggle&quot;:&quot;burger&quot;}\" data-widget_type=\"nav-menu.default\">\n\t\t\t\t<div class=\"elementor-widget-container\">\n\t\t\t\t\t\t\t\t<nav aria-label=\"Menu\" class=\"elementor-nav-menu--main elementor-nav-menu__container elementor-nav-menu--layout-horizontal e--pointer-framed e--animation-fade\">\n\t\t\t\t<ul id=\"menu-1-8f8e583\" class=\"elementor-nav-menu\"><li class=\"menu-item menu-item-type-custom menu-item-object-custom menu-item-home menu-item-115\"><a href=\"https:\/\/massage-wien13.at\/\" class=\"elementor-item\">Startseite<\/a><\/li>\n<li class=\"menu-item menu-item-type-post_type menu-item-object-page menu-item-339\"><a href=\"https:\/\/massage-wien13.at\/index.php\/ueber_mich\/\" class=\"elementor-item\">\u00dcber mich<\/a><\/li>\n<li class=\"menu-item menu-item-type-post_type menu-item-object-page menu-item-983\"><a href=\"https:\/\/massage-wien13.at\/index.php\/heil\/\" class=\"elementor-item\">Heilmassage<\/a><\/li>\n<li class=\"menu-item menu-item-type-post_type menu-item-object-page menu-item-1047\"><a href=\"https:\/\/massage-wien13.at\/index.php\/meine-leistungen-preisliste\/\" class=\"elementor-item\">Meine Leistungen\/Preisliste<\/a><\/li>\n<li class=\"menu-item menu-item-type-post_type menu-item-object-page menu-item-1034\"><a href=\"https:\/\/massage-wien13.at\/index.php\/fotogalerie\/\" class=\"elementor-item\">Fotogalerie<\/a><\/li>\n<\/ul>\t\t\t<\/nav>\n\t\t\t\t\t<div class=\"elementor-menu-toggle\" role=\"button\" tabindex=\"0\" aria-label=\"Men\u00fc Umschalter\" aria-expanded=\"false\">\n\t\t\t<svg aria-hidden=\"true\" role=\"presentation\" class=\"elementor-menu-toggle__icon--open e-font-icon-svg e-eicon-menu-bar\" viewBox=\"0 0 1000 1000\" xmlns=\"http:\/\/www.w3.org\/2000\/svg\"><path d=\"M104 333H896C929 333 958 304 958 271S929 208 896 208H104C71 208 42 237 42 271S71 333 104 333ZM104 583H896C929 583 958 554 958 521S929 458 896 458H104C71 458 42 487 42 521S71 583 104 583ZM104 833H896C929 833 958 804 958 771S929 708 896 708H104C71 708 42 737 42 771S71 833 104 833Z\"><\/path><\/svg><svg aria-hidden=\"true\" role=\"presentation\" class=\"elementor-menu-toggle__icon--close e-font-icon-svg e-eicon-close\" viewBox=\"0 0 1000 1000\" xmlns=\"http:\/\/www.w3.org\/2000\/svg\"><path d=\"M742 167L500 408 258 167C246 154 233 150 217 150 196 150 179 158 167 167 154 179 150 196 150 212 150 229 154 242 171 254L408 500 167 742C138 771 138 800 167 829 196 858 225 858 254 829L496 587 738 829C750 842 767 846 783 846 800 846 817 842 829 829 842 817 846 804 846 783 846 767 842 750 829 737L588 500 833 258C863 229 863 200 833 171 804 137 775 137 742 167Z\"><\/path><\/svg>\t\t<\/div>\n\t\t\t\t\t<nav class=\"elementor-nav-menu--dropdown elementor-nav-menu__container\" aria-hidden=\"true\">\n\t\t\t\t<ul id=\"menu-2-8f8e583\" class=\"elementor-nav-menu\"><li class=\"menu-item menu-item-type-custom menu-item-object-custom menu-item-home menu-item-115\"><a href=\"https:\/\/massage-wien13.at\/\" class=\"elementor-item\" tabindex=\"-1\">Startseite<\/a><\/li>\n<li class=\"menu-item menu-item-type-post_type menu-item-object-page menu-item-339\"><a href=\"https:\/\/massage-wien13.at\/index.php\/ueber_mich\/\" class=\"elementor-item\" tabindex=\"-1\">\u00dcber mich<\/a><\/li>\n<li class=\"menu-item menu-item-type-post_type menu-item-object-page menu-item-983\"><a href=\"https:\/\/massage-wien13.at\/index.php\/heil\/\" class=\"elementor-item\" tabindex=\"-1\">Heilmassage<\/a><\/li>\n<li class=\"menu-item menu-item-type-post_type menu-item-object-page menu-item-1047\"><a href=\"https:\/\/massage-wien13.at\/index.php\/meine-leistungen-preisliste\/\" class=\"elementor-item\" tabindex=\"-1\">Meine Leistungen\/Preisliste<\/a><\/li>\n<li class=\"menu-item menu-item-type-post_type menu-item-object-page menu-item-1034\"><a href=\"https:\/\/massage-wien13.at\/index.php\/fotogalerie\/\" class=\"elementor-item\" tabindex=\"-1\">Fotogalerie<\/a><\/li>\n<\/ul>\t\t\t<\/nav>\n\t\t\t\t\t\t<\/div>\n\t\t\t\t<\/div>\n\t\t\t\t\t<\/div>\n\t\t<\/div>\n\t\t\t\t\t<\/div>\n\t\t<\/section>\n\t\t<div class=\"elementor-element elementor-element-9f16dd9 e-flex e-con-boxed e-con e-parent\" data-id=\"9f16dd9\" data-element_type=\"container\" data-e-type=\"container\">\n\t\t\t\t\t<div class=\"e-con-inner\">\n\t\t\t\t<div class=\"elementor-element elementor-element-ef149a9 elementor-widget elementor-widget-spacer\" data-id=\"ef149a9\" data-element_type=\"widget\" data-e-type=\"widget\" data-widget_type=\"spacer.default\">\n\t\t\t\t<div class=\"elementor-widget-container\">\n\t\t\t\t\t\t\t<div class=\"elementor-spacer\">\n\t\t\t<div class=\"elementor-spacer-inner\"><\/div>\n\t\t<\/div>\n\t\t\t\t\t\t<\/div>\n\t\t\t\t<\/div>\n\t\t\t\t<div class=\"elementor-element elementor-element-2eac73f elementor-widget elementor-widget-heading\" data-id=\"2eac73f\" data-element_type=\"widget\" data-e-type=\"widget\" data-widget_type=\"heading.default\">\n\t\t\t\t<div class=\"elementor-widget-container\">\n\t\t\t\t\t<h1 class=\"elementor-heading-title elementor-size-default\">Impressum<\/h1>\t\t\t\t<\/div>\n\t\t\t\t<\/div>\n\t\t\t\t\t<\/div>\n\t\t\t\t<\/div>\n\t\t\t\t<section class=\"elementor-section elementor-top-section elementor-element elementor-element-1564ff4 elementor-section-boxed elementor-section-height-default elementor-section-height-default\" data-id=\"1564ff4\" data-element_type=\"section\" data-e-type=\"section\">\n\t\t\t\t\t\t<div class=\"elementor-container elementor-column-gap-default\">\n\t\t\t\t\t<div class=\"elementor-column elementor-col-100 elementor-top-column elementor-element elementor-element-1380921\" data-id=\"1380921\" data-element_type=\"column\" data-e-type=\"column\">\n\t\t\t<div class=\"elementor-widget-wrap elementor-element-populated\">\n\t\t\t\t\t\t<section class=\"elementor-section elementor-inner-section elementor-element elementor-element-bda4fb7 elementor-section-boxed elementor-section-height-default elementor-section-height-default\" data-id=\"bda4fb7\" data-element_type=\"section\" data-e-type=\"section\">\n\t\t\t\t\t\t<div class=\"elementor-container elementor-column-gap-default\">\n\t\t\t\t\t<div class=\"elementor-column elementor-col-100 elementor-inner-column elementor-element elementor-element-33c4a93 elementor-invisible\" data-id=\"33c4a93\" data-element_type=\"column\" data-e-type=\"column\" data-settings=\"{&quot;animation&quot;:&quot;fadeInDown&quot;}\">\n\t\t\t<div class=\"elementor-widget-wrap elementor-element-populated\">\n\t\t\t\t\t\t<div class=\"elementor-element elementor-element-c967ec8 elementor-widget__width-initial elementor-widget elementor-widget-text-editor\" data-id=\"c967ec8\" data-element_type=\"widget\" data-e-type=\"widget\" data-widget_type=\"text-editor.default\">\n\t\t\t\t<div class=\"elementor-widget-container\">\n\t\t\t\t\t\t\t\t\t<p>Informationspflicht laut \u00a75 E-Commerce Gesetz, \u00a714 Unternehmensgesetzbuch, \u00a763 Gewerbeordnung und Offenlegungspflicht laut \u00a725 Mediengesetz.<\/p><p><strong>Massage Sladjana Fuhrmann<\/strong><\/p><p>Sladjana Fuhrmann (Einzelunternehmen)<\/p><p>Steueranschrift: Am Teich 21\/1\/1; 7111 Parndorf; \u00d6sterreich<br \/>Standort der Gewerbeaus\u00fcbung: Lainzer Stra\u00dfe 118\/3; 1130 Wien; \u00d6sterreich<\/p><p><strong>Unternehmensgegenstand:<\/strong>\u00a0Heilmasseurin und Gewerbliche Masseurin<br \/><strong>UID-Nummer:<\/strong>\u00a0ATU71829202<\/p><p><strong>Tel.:<\/strong>\u00a0<a href=\"tel:+436645414207\">+43 664 5417207<\/a><br \/><strong>E-Mail:<\/strong>\u00a0<a href=\"mailto: info@massage-wien13.at\" target=\"_blank\" rel=\"noopener\">E-Mail<\/a><\/p><p><strong>E-Mail Datenschutz<\/strong>:\u00a0<a href=\"mailto:datenschutz@massage-wien13.at\">E-Mail<\/a><\/p><p><strong>Mitglied bei:<\/strong>\u00a0WKO \u2013 FG Gewerbliche Dienstleister \u2013 Humanenergetiker; WKO LI Fu\u00dfpfleger, Kosmetiker und Masseure<br \/><strong>Berufsrecht:<\/strong>\u00a0Gewerbeordnung: www.ris.bka.gv.at<\/p><p><strong>Aufsichtsbeh\u00f6rde\/Gewerbebeh\u00f6rde:<\/strong>\u00a0Magistrat 1130 Wien<br \/><strong>Berufsbezeichnung:<\/strong>\u00a0Gewerbliche Masseurin<br \/><strong>Verleihungsstaat:<\/strong>\u00a0\u00d6sterreich<\/p><p><strong>Webdesign &amp; technische Umsetzung:\u00a0<\/strong>Paul Fuhrmann \u2013\u00a0<a href=\"mailto:paul.fuhrmann@hotmail.com\">E-Mail<\/a><\/p>\t\t\t\t\t\t\t\t<\/div>\n\t\t\t\t<\/div>\n\t\t\t\t\t<\/div>\n\t\t<\/div>\n\t\t\t\t\t<\/div>\n\t\t<\/section>\n\t\t\t\t<div class=\"elementor-element elementor-element-76c2163 elementor-widget elementor-widget-image\" data-id=\"76c2163\" data-element_type=\"widget\" data-e-type=\"widget\" data-widget_type=\"image.default\">\n\t\t\t\t<div class=\"elementor-widget-container\">\n\t\t\t\t\t\t\t\t\t\t\t\t\t\t\t\t<a href=\"https:\/\/www.wkoecg.at\/Ecg.aspx?FirmaID=fbad6422-bd4c-4bdd-bcd9-7d435ea61395\" target=\"_blank\" rel=\"nofollow\">\n\t\t\t\t\t\t\t<img decoding=\"async\" width=\"340\" height=\"48\" src=\"https:\/\/massage-wien13.at\/wp-content\/uploads\/2025\/01\/ecg-1.webp\" class=\"attachment-large size-large wp-image-674\" alt=\"\" srcset=\"https:\/\/massage-wien13.at\/wp-content\/uploads\/2025\/01\/ecg-1.webp 340w, https:\/\/massage-wien13.at\/wp-content\/uploads\/2025\/01\/ecg-1-300x42.webp 300w\" sizes=\"(max-width: 340px) 100vw, 340px\" \/>\t\t\t\t\t\t\t\t<\/a>\n\t\t\t\t\t\t\t\t\t\t\t\t\t\t\t<\/div>\n\t\t\t\t<\/div>\n\t\t\t\t\t<\/div>\n\t\t<\/div>\n\t\t\t\t\t<\/div>\n\t\t<\/section>\n\t\t<div class=\"elementor-element elementor-element-7913750 e-flex e-con-boxed e-con e-parent\" data-id=\"7913750\" data-element_type=\"container\" data-e-type=\"container\">\n\t\t\t\t\t<div class=\"e-con-inner\">\n\t\t\t\t<div class=\"elementor-element elementor-element-284a37c elementor-widget elementor-widget-spacer\" data-id=\"284a37c\" data-element_type=\"widget\" data-e-type=\"widget\" data-widget_type=\"spacer.default\">\n\t\t\t\t<div class=\"elementor-widget-container\">\n\t\t\t\t\t\t\t<div class=\"elementor-spacer\">\n\t\t\t<div class=\"elementor-spacer-inner\"><\/div>\n\t\t<\/div>\n\t\t\t\t\t\t<\/div>\n\t\t\t\t<\/div>\n\t\t\t\t\t<\/div>\n\t\t\t\t<\/div>\n\t\t\t\t<section class=\"elementor-section elementor-top-section elementor-element elementor-element-fc8cb50 elementor-section-full_width elementor-section-height-default elementor-section-height-default\" data-id=\"fc8cb50\" data-element_type=\"section\" data-e-type=\"section\" data-settings=\"{&quot;background_background&quot;:&quot;classic&quot;}\">\n\t\t\t\t\t\t\t<div class=\"elementor-background-overlay\"><\/div>\n\t\t\t\t\t\t\t<div class=\"elementor-container elementor-column-gap-default\">\n\t\t\t\t\t<div class=\"elementor-column elementor-col-100 elementor-top-column elementor-element elementor-element-eb4ef28\" data-id=\"eb4ef28\" data-element_type=\"column\" data-e-type=\"column\">\n\t\t\t<div class=\"elementor-widget-wrap elementor-element-populated\">\n\t\t\t\t\t\t<div class=\"elementor-element elementor-element-bcfca75 elementor-widget__width-initial elementor-widget elementor-widget-text-editor\" data-id=\"bcfca75\" data-element_type=\"widget\" data-e-type=\"widget\" data-widget_type=\"text-editor.default\">\n\t\t\t\t<div class=\"elementor-widget-container\">\n\t\t\t\t\t\t\t\t\t<p><span style=\"font-weight: normal;\"><a href=\"https:\/\/massage-wien13.at\/index.php\/elementor-538\/\" target=\"_blank\" rel=\"noopener\">Impressum<\/a> * <a href=\"https:\/\/massage-wien13.at\/index.php\/agb-haftungsausschluss\/\" target=\"_blank\" rel=\"noopener\" style=\"\">AGB\/Haftungsausschluss<\/a> * <a href=\"https:\/\/massage-wien13.at\/index.php\/datenschutzerklaerung\/\" target=\"_blank\" rel=\"noopener\" style=\"\">Datenschutzerkl\u00e4rung<\/a><\/span><b>&nbsp;&nbsp;<\/b><\/p>\t\t\t\t\t\t\t\t<\/div>\n\t\t\t\t<\/div>\n\t\t\t\t\t<\/div>\n\t\t<\/div>\n\t\t\t\t\t<\/div>\n\t\t<\/section>\n\t\t\t\t<\/div>\n\t\t","protected":false},"excerpt":{"rendered":"<p>Impressum Informationspflicht laut \u00a75 E-Commerce Gesetz, \u00a714 Unternehmensgesetzbuch, \u00a763 Gewerbeordnung und Offenlegungspflicht laut \u00a725 Mediengesetz. Massage Sladjana Fuhrmann Sladjana Fuhrmann (Einzelunternehmen) Steueranschrift: Am Teich 21\/1\/1; 7111 Parndorf; \u00d6sterreichStandort der Gewerbeaus\u00fcbung: Lainzer Stra\u00dfe 118\/3; 1130 Wien; \u00d6sterreich Unternehmensgegenstand:\u00a0Heilmasseurin und Gewerbliche MasseurinUID-Nummer:\u00a0ATU71829202 Tel.:\u00a0+43 664 5417207E-Mail:\u00a0E-Mail E-Mail Datenschutz:\u00a0E-Mail Mitglied bei:\u00a0WKO \u2013 FG Gewerbliche Dienstleister \u2013 Humanenergetiker; WKO LI [&hellip;]<\/p>\n","protected":false},"author":1,"featured_media":0,"parent":0,"menu_order":0,"comment_status":"closed","ping_status":"closed","template":"","meta":{"footnotes":""},"class_list":["post-538","page","type-page","status-publish","hentry"],"yoast_head":"<!-- This site is optimized with the Yoast SEO plugin v27.0 - https:\/\/yoast.com\/product\/yoast-seo-wordpress\/ -->\n<title>Impressum - www.massage-wien13.at<\/title>\n<meta name=\"robots\" content=\"index, follow, max-snippet:-1, max-image-preview:large, max-video-preview:-1\" \/>\n<link rel=\"canonical\" href=\"https:\/\/massage-wien13.at\/index.php\/elementor-538\/\" \/>\n<meta property=\"og:locale\" content=\"de_DE\" \/>\n<meta property=\"og:type\" content=\"article\" \/>\n<meta property=\"og:title\" content=\"Impressum - www.massage-wien13.at\" \/>\n<meta property=\"og:description\" content=\"Impressum Informationspflicht laut \u00a75 E-Commerce Gesetz, \u00a714 Unternehmensgesetzbuch, \u00a763 Gewerbeordnung und Offenlegungspflicht laut \u00a725 Mediengesetz. Massage Sladjana Fuhrmann Sladjana Fuhrmann (Einzelunternehmen) Steueranschrift: Am Teich 21\/1\/1; 7111 Parndorf; \u00d6sterreichStandort der Gewerbeaus\u00fcbung: Lainzer Stra\u00dfe 118\/3; 1130 Wien; \u00d6sterreich Unternehmensgegenstand:\u00a0Heilmasseurin und Gewerbliche MasseurinUID-Nummer:\u00a0ATU71829202 Tel.:\u00a0+43 664 5417207E-Mail:\u00a0E-Mail E-Mail Datenschutz:\u00a0E-Mail Mitglied bei:\u00a0WKO \u2013 FG Gewerbliche Dienstleister \u2013 Humanenergetiker; WKO LI [&hellip;]\" \/>\n<meta property=\"og:url\" content=\"https:\/\/massage-wien13.at\/index.php\/elementor-538\/\" \/>\n<meta property=\"og:site_name\" content=\"www.massage-wien13.at\" \/>\n<meta property=\"article:modified_time\" content=\"2026-02-22T20:39:37+00:00\" \/>\n<meta property=\"og:image\" content=\"https:\/\/massage-wien13.at\/wp-content\/uploads\/2024\/12\/Logo-Massage-Fuhrmann.webp\" \/>\n\t<meta property=\"og:image:width\" content=\"1250\" \/>\n\t<meta property=\"og:image:height\" content=\"500\" \/>\n\t<meta property=\"og:image:type\" content=\"image\/webp\" \/>\n<meta name=\"twitter:card\" content=\"summary_large_image\" \/>\n<meta name=\"twitter:label1\" content=\"Gesch\u00e4tzte Lesezeit\" \/>\n\t<meta name=\"twitter:data1\" content=\"1\u00a0Minute\" \/>\n<script type=\"application\/ld+json\" class=\"yoast-schema-graph\">{\"@context\":\"https:\/\/schema.org\",\"@graph\":[{\"@type\":\"WebPage\",\"@id\":\"https:\/\/massage-wien13.at\/index.php\/elementor-538\/\",\"url\":\"https:\/\/massage-wien13.at\/index.php\/elementor-538\/\",\"name\":\"Impressum - www.massage-wien13.at\",\"isPartOf\":{\"@id\":\"https:\/\/massage-wien13.at\/#website\"},\"primaryImageOfPage\":{\"@id\":\"https:\/\/massage-wien13.at\/index.php\/elementor-538\/#primaryimage\"},\"image\":{\"@id\":\"https:\/\/massage-wien13.at\/index.php\/elementor-538\/#primaryimage\"},\"thumbnailUrl\":\"https:\/\/massage-wien13.at\/wp-content\/uploads\/2024\/12\/Logo-Massage-Fuhrmann-768x307.webp\",\"datePublished\":\"2025-01-02T20:05:34+00:00\",\"dateModified\":\"2026-02-22T20:39:37+00:00\",\"breadcrumb\":{\"@id\":\"https:\/\/massage-wien13.at\/index.php\/elementor-538\/#breadcrumb\"},\"inLanguage\":\"de\",\"potentialAction\":[{\"@type\":\"ReadAction\",\"target\":[\"https:\/\/massage-wien13.at\/index.php\/elementor-538\/\"]}]},{\"@type\":\"ImageObject\",\"inLanguage\":\"de\",\"@id\":\"https:\/\/massage-wien13.at\/index.php\/elementor-538\/#primaryimage\",\"url\":\"https:\/\/massage-wien13.at\/wp-content\/uploads\/2024\/12\/Logo-Massage-Fuhrmann.webp\",\"contentUrl\":\"https:\/\/massage-wien13.at\/wp-content\/uploads\/2024\/12\/Logo-Massage-Fuhrmann.webp\",\"width\":1250,\"height\":500},{\"@type\":\"BreadcrumbList\",\"@id\":\"https:\/\/massage-wien13.at\/index.php\/elementor-538\/#breadcrumb\",\"itemListElement\":[{\"@type\":\"ListItem\",\"position\":1,\"name\":\"Startseite\",\"item\":\"https:\/\/massage-wien13.at\/\"},{\"@type\":\"ListItem\",\"position\":2,\"name\":\"Impressum\"}]},{\"@type\":\"WebSite\",\"@id\":\"https:\/\/massage-wien13.at\/#website\",\"url\":\"https:\/\/massage-wien13.at\/\",\"name\":\"www.massage-wien13.at\",\"description\":\"Massage in 1130 Wien\",\"publisher\":{\"@id\":\"https:\/\/massage-wien13.at\/#organization\"},\"potentialAction\":[{\"@type\":\"SearchAction\",\"target\":{\"@type\":\"EntryPoint\",\"urlTemplate\":\"https:\/\/massage-wien13.at\/?s={search_term_string}\"},\"query-input\":{\"@type\":\"PropertyValueSpecification\",\"valueRequired\":true,\"valueName\":\"search_term_string\"}}],\"inLanguage\":\"de\"},{\"@type\":\"Organization\",\"@id\":\"https:\/\/massage-wien13.at\/#organization\",\"name\":\"www.massage-wien13.at\",\"url\":\"https:\/\/massage-wien13.at\/\",\"logo\":{\"@type\":\"ImageObject\",\"inLanguage\":\"de\",\"@id\":\"https:\/\/massage-wien13.at\/#\/schema\/logo\/image\/\",\"url\":\"https:\/\/massage-wien13.at\/wp-content\/uploads\/2025\/01\/Logo-Massage-Sladjana-Fuhrmann-neu-1.webp\",\"contentUrl\":\"https:\/\/massage-wien13.at\/wp-content\/uploads\/2025\/01\/Logo-Massage-Sladjana-Fuhrmann-neu-1.webp\",\"width\":559,\"height\":136,\"caption\":\"www.massage-wien13.at\"},\"image\":{\"@id\":\"https:\/\/massage-wien13.at\/#\/schema\/logo\/image\/\"}}]}<\/script>\n<!-- \/ Yoast SEO plugin. -->","yoast_head_json":{"title":"Impressum - www.massage-wien13.at","robots":{"index":"index","follow":"follow","max-snippet":"max-snippet:-1","max-image-preview":"max-image-preview:large","max-video-preview":"max-video-preview:-1"},"canonical":"https:\/\/massage-wien13.at\/index.php\/elementor-538\/","og_locale":"de_DE","og_type":"article","og_title":"Impressum - www.massage-wien13.at","og_description":"Impressum Informationspflicht laut \u00a75 E-Commerce Gesetz, \u00a714 Unternehmensgesetzbuch, \u00a763 Gewerbeordnung und Offenlegungspflicht laut \u00a725 Mediengesetz. Massage Sladjana Fuhrmann Sladjana Fuhrmann (Einzelunternehmen) Steueranschrift: Am Teich 21\/1\/1; 7111 Parndorf; \u00d6sterreichStandort der Gewerbeaus\u00fcbung: Lainzer Stra\u00dfe 118\/3; 1130 Wien; \u00d6sterreich Unternehmensgegenstand:\u00a0Heilmasseurin und Gewerbliche MasseurinUID-Nummer:\u00a0ATU71829202 Tel.:\u00a0+43 664 5417207E-Mail:\u00a0E-Mail E-Mail Datenschutz:\u00a0E-Mail Mitglied bei:\u00a0WKO \u2013 FG Gewerbliche Dienstleister \u2013 Humanenergetiker; WKO LI [&hellip;]","og_url":"https:\/\/massage-wien13.at\/index.php\/elementor-538\/","og_site_name":"www.massage-wien13.at","article_modified_time":"2026-02-22T20:39:37+00:00","og_image":[{"width":1250,"height":500,"url":"https:\/\/massage-wien13.at\/wp-content\/uploads\/2024\/12\/Logo-Massage-Fuhrmann.webp","type":"image\/webp"}],"twitter_card":"summary_large_image","twitter_misc":{"Gesch\u00e4tzte Lesezeit":"1\u00a0Minute"},"schema":{"@context":"https:\/\/schema.org","@graph":[{"@type":"WebPage","@id":"https:\/\/massage-wien13.at\/index.php\/elementor-538\/","url":"https:\/\/massage-wien13.at\/index.php\/elementor-538\/","name":"Impressum - www.massage-wien13.at","isPartOf":{"@id":"https:\/\/massage-wien13.at\/#website"},"primaryImageOfPage":{"@id":"https:\/\/massage-wien13.at\/index.php\/elementor-538\/#primaryimage"},"image":{"@id":"https:\/\/massage-wien13.at\/index.php\/elementor-538\/#primaryimage"},"thumbnailUrl":"https:\/\/massage-wien13.at\/wp-content\/uploads\/2024\/12\/Logo-Massage-Fuhrmann-768x307.webp","datePublished":"2025-01-02T20:05:34+00:00","dateModified":"2026-02-22T20:39:37+00:00","breadcrumb":{"@id":"https:\/\/massage-wien13.at\/index.php\/elementor-538\/#breadcrumb"},"inLanguage":"de","potentialAction":[{"@type":"ReadAction","target":["https:\/\/massage-wien13.at\/index.php\/elementor-538\/"]}]},{"@type":"ImageObject","inLanguage":"de","@id":"https:\/\/massage-wien13.at\/index.php\/elementor-538\/#primaryimage","url":"https:\/\/massage-wien13.at\/wp-content\/uploads\/2024\/12\/Logo-Massage-Fuhrmann.webp","contentUrl":"https:\/\/massage-wien13.at\/wp-content\/uploads\/2024\/12\/Logo-Massage-Fuhrmann.webp","width":1250,"height":500},{"@type":"BreadcrumbList","@id":"https:\/\/massage-wien13.at\/index.php\/elementor-538\/#breadcrumb","itemListElement":[{"@type":"ListItem","position":1,"name":"Startseite","item":"https:\/\/massage-wien13.at\/"},{"@type":"ListItem","position":2,"name":"Impressum"}]},{"@type":"WebSite","@id":"https:\/\/massage-wien13.at\/#website","url":"https:\/\/massage-wien13.at\/","name":"www.massage-wien13.at","description":"Massage in 1130 Wien","publisher":{"@id":"https:\/\/massage-wien13.at\/#organization"},"potentialAction":[{"@type":"SearchAction","target":{"@type":"EntryPoint","urlTemplate":"https:\/\/massage-wien13.at\/?s={search_term_string}"},"query-input":{"@type":"PropertyValueSpecification","valueRequired":true,"valueName":"search_term_string"}}],"inLanguage":"de"},{"@type":"Organization","@id":"https:\/\/massage-wien13.at\/#organization","name":"www.massage-wien13.at","url":"https:\/\/massage-wien13.at\/","logo":{"@type":"ImageObject","inLanguage":"de","@id":"https:\/\/massage-wien13.at\/#\/schema\/logo\/image\/","url":"https:\/\/massage-wien13.at\/wp-content\/uploads\/2025\/01\/Logo-Massage-Sladjana-Fuhrmann-neu-1.webp","contentUrl":"https:\/\/massage-wien13.at\/wp-content\/uploads\/2025\/01\/Logo-Massage-Sladjana-Fuhrmann-neu-1.webp","width":559,"height":136,"caption":"www.massage-wien13.at"},"image":{"@id":"https:\/\/massage-wien13.at\/#\/schema\/logo\/image\/"}}]}},"_links":{"self":[{"href":"https:\/\/massage-wien13.at\/index.php\/wp-json\/wp\/v2\/pages\/538","targetHints":{"allow":["GET"]}}],"collection":[{"href":"https:\/\/massage-wien13.at\/index.php\/wp-json\/wp\/v2\/pages"}],"about":[{"href":"https:\/\/massage-wien13.at\/index.php\/wp-json\/wp\/v2\/types\/page"}],"author":[{"embeddable":true,"href":"https:\/\/massage-wien13.at\/index.php\/wp-json\/wp\/v2\/users\/1"}],"replies":[{"embeddable":true,"href":"https:\/\/massage-wien13.at\/index.php\/wp-json\/wp\/v2\/comments?post=538"}],"version-history":[{"count":62,"href":"https:\/\/massage-wien13.at\/index.php\/wp-json\/wp\/v2\/pages\/538\/revisions"}],"predecessor-version":[{"id":1543,"href":"https:\/\/massage-wien13.at\/index.php\/wp-json\/wp\/v2\/pages\/538\/revisions\/1543"}],"wp:attachment":[{"href":"https:\/\/massage-wien13.at\/index.php\/wp-json\/wp\/v2\/media?parent=538"}],"curies":[{"name":"wp","href":"https:\/\/api.w.org\/{rel}","templated":true}]}}